{"id":376,"date":"2024-06-20T13:19:23","date_gmt":"2024-06-20T13:19:23","guid":{"rendered":"https:\/\/references.hdtsgroup.com\/?page_id=376"},"modified":"2024-06-20T13:19:23","modified_gmt":"2024-06-20T13:19:23","slug":"clone-of-generated-homepage","status":"publish","type":"page","link":"https:\/\/references.hdtsgroup.com\/ru\/clone-of-generated-homepage\/","title":{"rendered":"Clone of Generated Homepage"},"content":{"rendered":"<p><span style=\"\"><a href=\"https:\/\/references.hdtsgroup.com\/wp-content\/uploads\/2024\/06\/ciara-pink.svg\"><img decoding=\"async\" alt=\"\" data-id=\"77\" title=\"ciara-pink\" loading=\"lazy\" src=\"https:\/\/references.hdtsgroup.com\/wp-content\/uploads\/2024\/06\/ciara-pink.svg\" data-width=\"1200\" data-height=\"42\" style=\"\" mt-d=\"-1.6875\" ml-d=\"0\" data-link-wrap=\"true\" height=\"42\" width=\"1200\" ml-m=\"-326.953\" mt-m=\"0\"><\/a><\/span><\/p>\n<h1 style=\"text-align: center;\"><span style=\"\">\u041c\u042b \u0412 \u041c\u0418\u0420\u0415 \u0425\u041e\u041a\u041a\u0415\u042f<\/span><\/h1>\n<p style=\"\">\u041f\u043e\u0434\u0433\u043e\u0442\u043e\u0432\u043a\u0430 \u0438\u0433\u0440\u043e\u043a\u043e\u0432<\/p>\n<p><span><img decoding=\"async\" alt=\"\" data-id=\"294\" width=\"200\" data-init-width=\"1100\" height=\"91\" data-init-height=\"500\" title=\"CR W\" loading=\"lazy\" src=\"https:\/\/references.hdtsgroup.com\/wp-content\/uploads\/2024\/06\/CR-W.png\" data-width=\"200\" data-height=\"91\" style=\"aspect-ratio: auto 1100 \/ 500;\"><\/span><\/p>\n<p style=\"text-align: center;\">\u0427\u0435\u0445\u0438\u044f<\/p>\n<p><a href=\"https:\/\/youtu.be\/CpxCWP21Wpg?si=YkqZJ_Sds2IsEUyp\" target=\"_blank\" rel=\"noopener\"><\/a><a href=\"https:\/\/references.hdtsgroup.com\/wp-content\/uploads\/2024\/06\/hdc-cz.jpg\" target=\"_blank\" rel=\"noopener\"><\/a><span><a href=\"https:\/\/www.hdcczech.cz\/?lang=en\" target=\"_blank\" rel=\"noopener\"><img decoding=\"async\" alt=\"\" data-id=\"294\" width=\"140\" data-init-width=\"1100\" height=\"64\" data-init-height=\"500\" title=\"CR W\" loading=\"lazy\" src=\"https:\/\/references.hdtsgroup.com\/wp-content\/uploads\/2024\/06\/CR-W.png\" data-width=\"140\" data-height=\"64\" style=\"aspect-ratio: auto 1100 \/ 500;\" data-link-wrap=\"true\"><\/a><\/span><\/p>\n<p style=\"\">\u0427\u0435\u0445\u0438\u044f<\/p>\n<p><span><a href=\"https:\/\/www.eliteprospects.com\/player\/8605\/jiri-tlusty\" target=\"_blank\" rel=\"noopener\"><img decoding=\"async\" alt=\"\" data-id=\"94\" width=\"200\" data-init-width=\"233\" height=\"200\" data-init-height=\"233\" title=\"tlusty\" loading=\"lazy\" src=\"https:\/\/references.hdtsgroup.com\/wp-content\/uploads\/2024\/06\/tlusty.png\" data-width=\"200\" data-height=\"200\" style=\"aspect-ratio: auto 233 \/ 233;\" data-link-wrap=\"true\"><\/a><\/span><\/p>\n<p style=\"\">\u0419\u0438\u0440\u0436\u0438 \u0422\u043b\u0443\u0441\u0442\u044b<\/p>\n<p style=\"\">\u0431\u044b\u0432\u0448\u0438\u0439 \u0438\u0433\u0440\u043e\u043a \u041d\u0425\u041b<\/p>\n<p><a href=\"https:\/\/www.eliteprospects.com\/player\/8605\/jiri-tlusty\" target=\"_blank\" rel=\"noopener\"><\/a>                    <span><a href=\"https:\/\/www.eliteprospects.com\/player\/9626\/ond%C5%99ej-pavelec\" target=\"_blank\" rel=\"noopener\"><img decoding=\"async\" alt=\"\" data-id=\"112\" width=\"200\" data-init-width=\"233\" height=\"200\" data-init-height=\"233\" title=\"pavelec\" loading=\"lazy\" src=\"https:\/\/references.hdtsgroup.com\/wp-content\/uploads\/2024\/06\/pavelec.png\" data-width=\"200\" data-height=\"200\" style=\"aspect-ratio: auto 233 \/ 233;\" data-link-wrap=\"true\"><\/a><\/span><\/p>\n<p style=\"\">\u041e\u043d\u0434\u0436\u0435\u0439 \u041f\u0430\u0432\u0435\u043b\u0435\u0446<\/p>\n<p style=\"\">\u0431\u044b\u0432\u0448\u0438\u0439 \u0438\u0433\u0440\u043e\u043a \u041d\u0425\u041b<\/p>\n<p><a href=\"https:\/\/www.eliteprospects.com\/player\/9626\/ond%C5%99ej-pavelec\" target=\"_blank\" rel=\"noopener\"><\/a><span><a href=\"https:\/\/www.eliteprospects.com\/player\/18085\/radko-gudas\" target=\"_blank\" rel=\"noopener\"><img decoding=\"async\" alt=\"\" data-id=\"119\" width=\"200\" data-init-width=\"233\" height=\"200\" data-init-height=\"233\" title=\"gudas\" loading=\"lazy\" src=\"https:\/\/references.hdtsgroup.com\/wp-content\/uploads\/2024\/06\/gudas.png\" data-width=\"200\" data-height=\"200\" style=\"aspect-ratio: auto 233 \/ 233;\" data-link-wrap=\"true\"><\/a><\/span><\/p>\n<p style=\"\">\u0420\u0430\u0434\u043a\u043e \u0413\u0443\u0434\u0430\u0441<\/p>\n<p style=\"\">\u0418\u0433\u0440\u043e\u043a \u041d\u0425\u041b<\/p>\n<p><a href=\"https:\/\/www.eliteprospects.com\/player\/18085\/radko-gudas\" target=\"_blank\" rel=\"noopener\"><\/a>                    <span><a href=\"https:\/\/www.eliteprospects.com\/player\/18100\/dominik-furch\" target=\"_blank\" rel=\"noopener\"><img decoding=\"async\" alt=\"\" data-id=\"120\" width=\"200\" data-init-width=\"233\" height=\"200\" data-init-height=\"233\" title=\"neviem 4\" loading=\"lazy\" src=\"https:\/\/references.hdtsgroup.com\/wp-content\/uploads\/2024\/06\/neviem-4.png\" data-width=\"200\" data-height=\"200\" style=\"aspect-ratio: auto 233 \/ 233;\" data-link-wrap=\"true\"><\/a><\/span><\/p>\n<p style=\"\">\u0414\u043e\u043c\u0438\u043d\u0438\u043a \u0424\u0443\u0440\u0445<\/p>\n<p style=\"\">\u0411\u044b\u0432\u0448\u0438\u0439 \u0438\u0433\u0440\u043e\u043a \u041a\u0425\u041b<\/p>\n<p><a href=\"https:\/\/www.eliteprospects.com\/player\/18100\/dominik-furch\" target=\"_blank\" rel=\"noopener\"><\/a><\/p>\n<p style=\"\">\u041a\u043e\u043c\u0430\u043d\u0434\u044b<\/p>\n<p><span><img decoding=\"async\" alt=\"\" data-id=\"246\" width=\"200\" data-init-width=\"233\" height=\"200\" data-init-height=\"233\" title=\"skr\" loading=\"lazy\" src=\"https:\/\/references.hdtsgroup.com\/wp-content\/uploads\/2024\/06\/skr.png\" data-width=\"200\" data-height=\"200\" style=\"aspect-ratio: auto 233 \/ 233;\"><\/span><\/p>\n<p style=\"\">\u0421\u0431\u043e\u0440\u043d\u0430\u044f \u0421\u043b\u043e\u0432\u0430\u043a\u0438\u0438<\/p>\n<p style=\"\">U-18<\/p>\n<p>                    <span><img decoding=\"async\" alt=\"\" data-id=\"245\" width=\"200\" data-init-width=\"233\" height=\"200\" data-init-height=\"233\" title=\"sal\" loading=\"lazy\" src=\"https:\/\/references.hdtsgroup.com\/wp-content\/uploads\/2024\/06\/sal.png\" data-width=\"200\" data-height=\"200\" style=\"aspect-ratio: auto 233 \/ 233;\"><\/span><\/p>\n<p style=\"\">\u0421\u0430\u043b\u0430\u0432\u0430\u0442 \u042e\u043b\u0430\u0435\u0432<\/p>\n<p style=\"\">\u041a\u043e\u043c\u0430\u043d\u0434\u0430 \u041a\u0425\u041b<\/p>\n<p>                    <span><img decoding=\"async\" alt=\"\" data-id=\"243\" width=\"200\" data-init-width=\"233\" height=\"200\" data-init-height=\"233\" title=\"slo\" loading=\"lazy\" src=\"https:\/\/references.hdtsgroup.com\/wp-content\/uploads\/2024\/06\/slo.png\" data-width=\"200\" data-height=\"200\" style=\"aspect-ratio: auto 233 \/ 233;\"><\/span><\/p>\n<p style=\"\">\u0421\u043b\u043e\u0432\u0430\u043d \u0411\u0440\u0430\u0442\u0438\u0441\u043b\u0430\u0432\u0430<\/p>\n<p style=\"\">\u042d\u043a\u0441\u0442\u0440\u0430\u043b\u0438\u0433\u0430 \u0421\u043b\u043e\u0432\u0430\u043a\u0438\u0438<\/p>\n<p>                    <span><img decoding=\"async\" alt=\"\" data-id=\"244\" width=\"200\" data-init-width=\"233\" height=\"200\" data-init-height=\"233\" title=\"hkz\" loading=\"lazy\" src=\"https:\/\/references.hdtsgroup.com\/wp-content\/uploads\/2024\/06\/hkz.png\" data-width=\"200\" data-height=\"200\" style=\"aspect-ratio: auto 233 \/ 233;\"><\/span><\/p>\n<p style=\"\">\u0425\u041a\u041c \u0417\u0432\u043e\u043b\u0435\u043d<\/p>\n<p style=\"\">\u042d\u043a\u0441\u0442\u0440\u0430\u043b\u0438\u0433\u0430 \u0421\u043b\u043e\u0432\u0430\u043a\u0438\u0438<\/p>\n<p style=\"\">\u0422\u0440\u0435\u043d\u0435\u0440\u044b \u0432 \u043d\u0430\u0448\u0438\u0445 \u0446\u0435\u043d\u0442\u0440\u0430\u0445<\/p>\n<p style=\"\">\u0427\u0435\u0445\u0438\u044f<\/p>\n<p><span><img decoding=\"async\" alt=\"\" data-id=\"94\" width=\"200\" data-init-width=\"233\" height=\"200\" data-init-height=\"233\" title=\"tlusty\" loading=\"lazy\" src=\"https:\/\/references.hdtsgroup.com\/wp-content\/uploads\/2024\/06\/tlusty.png\" data-width=\"200\" data-height=\"200\" style=\"aspect-ratio: auto 233 \/ 233;\"><\/span><\/p>\n<p>\u0420\u0438\u0445\u0430\u0440\u0434 \u041f\u0438\u043d\u043a\u0430<\/p>\n<p style=\"text-align: center;\">Hlavn\u00ed tren\u00e9r HDC Czech Republic, kondi\u010dn\u00ed tren\u00e9r slovensk\u00e9ho n\u00e1rodn\u00edho t\u00fdmu U20 a U17<\/p>\n<p><span><img decoding=\"async\" alt=\"\" data-id=\"112\" width=\"200\" data-init-width=\"233\" height=\"200\" data-init-height=\"233\" title=\"pavelec\" loading=\"lazy\" src=\"https:\/\/references.hdtsgroup.com\/wp-content\/uploads\/2024\/06\/pavelec.png\" data-width=\"200\" data-height=\"200\" style=\"aspect-ratio: auto 233 \/ 233;\"><\/span><\/p>\n<p style=\"\">\u041a\u0430\u0434\u0440\u0438 \u041f\u0440\u0435\u0448\u0435\u0432\u0430<\/p>\n<p style=\"text-align: center;\">Hlavn\u00ed tren\u00e9r HDC Czech Republic, kondi\u010dn\u00ed tren\u00e9r slovensk\u00e9ho n\u00e1rodn\u00edho t\u00fdmu U20 a U17<\/p>\n<p><span><img decoding=\"async\" alt=\"\" data-id=\"119\" width=\"200\" data-init-width=\"233\" height=\"200\" data-init-height=\"233\" title=\"gudas\" loading=\"lazy\" src=\"https:\/\/references.hdtsgroup.com\/wp-content\/uploads\/2024\/06\/gudas.png\" data-width=\"200\" data-height=\"200\" style=\"aspect-ratio: auto 233 \/ 233;\"><\/span><\/p>\n<p style=\"\">\u041c\u0430\u0440\u0442\u0438\u043d \u0411\u0430\u0440\u0442\u043e\u0448<\/p>\n<p style=\"text-align: center;\">Hlavn\u00ed tren\u00e9r HDC Czech Republic, kondi\u010dn\u00ed tren\u00e9r slovensk\u00e9ho n\u00e1rodn\u00edho t\u00fdmu U20 a U17<\/p>\n<p><span><img decoding=\"async\" alt=\"\" data-id=\"120\" width=\"200\" data-init-width=\"233\" height=\"200\" data-init-height=\"233\" title=\"neviem 4\" loading=\"lazy\" src=\"https:\/\/references.hdtsgroup.com\/wp-content\/uploads\/2024\/06\/neviem-4.png\" data-width=\"200\" data-height=\"200\" style=\"aspect-ratio: auto 233 \/ 233;\"><\/span><\/p>\n<p style=\"\">Jaroslav Hertl<\/p>\n<p style=\"text-align: center;\">Hlavn\u00ed tren\u00e9r HDC Czech Republic, kondi\u010dn\u00ed tren\u00e9r slovensk\u00e9ho n\u00e1rodn\u00edho t\u00fdmu U20 a U17<\/p>\n<p style=\"\">\u0410\u043c\u0431\u0430\u0441\u0441\u0430\u0434\u043e\u0440\u044b \u0438 \u0441\u043f\u0435\u0446\u0438\u0430\u043b\u0438\u0441\u0442\u044b<\/p>\n<p><span><img decoding=\"async\" alt=\"\" data-id=\"281\" width=\"200\" data-init-width=\"233\" height=\"200\" data-init-height=\"233\" title=\"bykov\" loading=\"lazy\" src=\"https:\/\/references.hdtsgroup.com\/wp-content\/uploads\/2024\/06\/bykov.png\" data-width=\"200\" data-height=\"200\" style=\"aspect-ratio: auto 233 \/ 233;\"><\/span><\/p>\n<p>\u0412\u044f\u0447\u0435\u0441\u043b\u0430\u0432 \u0411\u044b\u043a\u043e\u0432<\/p>\n<p style=\"text-align: center;\">\u0425\u043e\u043a\u043a\u0435\u0439\u043d\u044b\u0439 \u0442\u0440\u0435\u043d\u0435\u0440, \u0434\u0432\u0443\u043a\u0440\u0430\u0442\u043d\u044b\u0439 \u043e\u0431\u043b\u0430\u0434\u0430\u0442\u0435\u043b\u044c \u041a\u0443\u0431\u043a\u0430 \u043c\u0438\u0440\u0430 \u0432 \u0441\u043e\u0441\u0442\u0430\u0432\u0435 \u0441\u0431\u043e\u0440\u043d\u043e\u0439 \u0420\u043e\u0441\u0441\u0438\u0438 \u043f\u043e \u0445\u043e\u043a\u043a\u0435\u044e \u0438 \u043f\u043e\u0431\u0435\u0434\u0438\u0442\u0435\u043b\u044c \u041a\u0425\u041b \u0432 \u0441\u043e\u0441\u0442\u0430\u0432\u0435 \u0421\u041a\u0410 \u0421\u0430\u043d\u043a\u0442-\u041f\u0435\u0442\u0435\u0440\u0431\u0443\u0440\u0433 \u0438 \"\u0421\u0430\u043b\u0430\u0432\u0430\u0442 \u042e\u043b\u0430\u0435\u0432\" \u0423\u0444\u0430<\/p>\n<p><span><img decoding=\"async\" alt=\"\" data-id=\"282\" width=\"200\" data-init-width=\"233\" height=\"200\" data-init-height=\"233\" title=\"nash\" loading=\"lazy\" src=\"https:\/\/references.hdtsgroup.com\/wp-content\/uploads\/2024\/06\/nash.png\" data-width=\"200\" data-height=\"200\" style=\"aspect-ratio: auto 233 \/ 233;\"><\/span><\/p>\n<p style=\"\">\u0420\u0438\u043a \u041d\u044d\u0448<\/p>\n<p style=\"text-align: center;\">\u0411\u044b\u0432\u0448\u0438\u0439 \u043a\u0430\u043f\u0438\u0442\u0430\u043d \u0441\u0431\u043e\u0440\u043d\u043e\u0439 \u041a\u0430\u043d\u0430\u0434\u044b, \u0434\u0432\u0443\u043a\u0440\u0430\u0442\u043d\u044b\u0439 \u043e\u043b\u0438\u043c\u043f\u0438\u0439\u0441\u043a\u0438\u0439 \u0447\u0435\u043c\u043f\u0438\u043e\u043d, \u043e\u0431\u043b\u0430\u0434\u0430\u0442\u0435\u043b\u044c \u041a\u0443\u0431\u043a\u0430 \u043c\u0438\u0440\u0430, \u043e\u0431\u043b\u0430\u0434\u0430\u0442\u0435\u043b\u044c \u0442\u0440\u043e\u0444\u0435\u044f \u041c\u043e\u0440\u0438\u0441\u0430 \u0420\u0438\u0448\u0430\u0440\u0430. \u041c\u0435\u043d\u0435\u0434\u0436\u0435\u0440 \u0441\u0431\u043e\u0440\u043d\u043e\u0439 \u041a\u0430\u043d\u0430\u0434\u044b \u043d\u0430 \u0427\u041c-24<\/p>\n<p><span><img decoding=\"async\" alt=\"\" data-id=\"280\" width=\"200\" data-init-width=\"233\" height=\"200\" data-init-height=\"233\" title=\"zacharkin\" loading=\"lazy\" src=\"https:\/\/references.hdtsgroup.com\/wp-content\/uploads\/2024\/06\/zacharkin.png\" data-width=\"200\" data-height=\"200\" style=\"aspect-ratio: auto 233 \/ 233;\"><\/span><\/p>\n<p style=\"\">\u0418\u0433\u043e\u0440\u044c \u0417\u0430\u0445\u0430\u0440\u043a\u0438\u043d<\/p>\n<p style=\"text-align: center;\">\u0413\u043b\u0430\u0432\u043d\u044b\u0439 \u0442\u0440\u0435\u043d\u0435\u0440 \u041a\u0425\u041b \u0438 \u0445\u043e\u043a\u043a\u0435\u0439\u043d\u044b\u0439 \u044d\u043a\u0441\u043f\u0435\u0440\u0442, \u0434\u0432\u0443\u043a\u0440\u0430\u0442\u043d\u044b\u0439 \u043e\u0431\u043b\u0430\u0434\u0430\u0442\u0435\u043b\u044c \u041a\u0443\u0431\u043a\u0430 \u043c\u0438\u0440\u0430 \u0432 \u0441\u043e\u0441\u0442\u0430\u0432\u0435 \u0441\u0431\u043e\u0440\u043d\u043e\u0439 \u0420\u043e\u0441\u0441\u0438\u0438 \u043f\u043e \u0445\u043e\u043a\u043a\u0435\u044e, 1x \u043f\u043e\u0431\u0435\u0434\u0438\u0442\u0435\u043b\u044c \u041a\u0425\u041b \u0432 \u0441\u043e\u0441\u0442\u0430\u0432\u0435 \u0421\u041a\u0410 \u0421\u0430\u043d\u043a\u0442-\u041f\u0435\u0442\u0435\u0440\u0431\u0443\u0440\u0433<\/p>\n<p><span><img decoding=\"async\" alt=\"\" data-id=\"279\" width=\"200\" data-init-width=\"233\" height=\"200\" data-init-height=\"233\" title=\"javorcik\" loading=\"lazy\" src=\"https:\/\/references.hdtsgroup.com\/wp-content\/uploads\/2024\/06\/javorcik.png\" data-width=\"200\" data-height=\"200\" style=\"aspect-ratio: auto 233 \/ 233;\"><\/span><\/p>\n<p style=\"\">\u041d\u043e\u0440\u0431\u0435\u0440\u0442 \u042f\u0432\u043e\u0440\u0447\u0438\u043a<\/p>\n<p style=\"text-align: center;\">\u0411\u044b\u0432\u0448\u0438\u0439 \u0442\u0440\u0435\u043d\u0435\u0440 \u0441\u0431\u043e\u0440\u043d\u043e\u0439 \u0421\u043b\u043e\u0432\u0430\u043a\u0438\u0438 \u0434\u043e 18 \u043b\u0435\u0442, \u0442\u0440\u0435\u043d\u0435\u0440 \u0441\u043b\u043e\u0432\u0430\u0446\u043a\u043e\u0439 \u044d\u043a\u0441\u0442\u0440\u0430\u043b\u0438\u0433\u0438, \u0433\u0435\u043d\u0435\u0440\u0430\u043b\u044c\u043d\u044b\u0439 \u043c\u0435\u043d\u0435\u0434\u0436\u0435\u0440 \u043f\u043e \u0440\u0430\u0437\u0432\u0438\u0442\u0438\u044e \u043c\u043e\u043b\u043e\u0434\u0435\u0436\u0438 \u0432 \u0425\u041a\u041c \u0417\u0432\u043e\u043b\u0435\u043d, \u0445\u043e\u043a\u043a\u0435\u0439\u043d\u044b\u0439 \u044d\u043a\u0441\u043f\u0435\u0440\u0442 \u0432 HDTS Group<\/p>\n<p><span><img decoding=\"async\" alt=\"\" data-id=\"259\" width=\"200\" data-init-width=\"233\" height=\"200\" data-init-height=\"233\" title=\"hovi\" loading=\"lazy\" src=\"https:\/\/references.hdtsgroup.com\/wp-content\/uploads\/2024\/06\/hovi.png\" data-width=\"200\" data-height=\"200\" style=\"aspect-ratio: auto 233 \/ 233;\"><\/span><\/p>\n<p>\u0421\u0430\u0441\u0443 \u0425\u043e\u0432\u0438<\/p>\n<p style=\"text-align: center;\">\u0412\u043b\u0430\u0434\u0435\u043b\u0435\u0446 \u0438 \u0433\u043b\u0430\u0432\u043d\u044b\u0439 \u0442\u0440\u0435\u043d\u0435\u0440 \u0432 \u0445\u043e\u043a\u043a\u0435\u0439\u043d\u043e\u043c \u0446\u0435\u043d\u0442\u0440\u0435 HDC Finland \u0432 \u0422\u0430\u043c\u043f\u0435\u0440\u0435, \u0431\u044b\u0432\u0448\u0438\u0439 \u0445\u043e\u043a\u043a\u0435\u0439\u043d\u044b\u0439 \u0433\u043e\u043b\u043a\u0438\u043f\u0435\u0440, \u0438\u0433\u0440\u0430\u0432\u0448\u0438\u0439 \u0432 \u0421\u043b\u043e\u0432\u0430\u043a\u0438\u0438, \u0427\u0435\u0445\u0438\u0438 \u0438 \u0424\u0438\u043d\u043d\u0438\u043d\u0441\u043a\u043e\u0439 \u0421\u041c-\u043b\u0438\u0433\u0435, \u0445\u043e\u043a\u043a\u0435\u0439\u043d\u044b\u0439 \u0430\u0433\u0435\u043d\u0442<\/p>\n<p><span><img decoding=\"async\" alt=\"\" data-id=\"283\" width=\"200\" data-init-width=\"233\" height=\"200\" data-init-height=\"233\" title=\"laczo\" loading=\"lazy\" src=\"https:\/\/references.hdtsgroup.com\/wp-content\/uploads\/2024\/06\/laczo.png\" data-width=\"200\" data-height=\"200\" style=\"aspect-ratio: auto 233 \/ 233;\"><\/span><\/p>\n<p style=\"\">\u0415\u0443\u0433\u0435\u043d \u041b\u0430\u0446\u0437\u043e<\/p>\n<p style=\"text-align: center;\">\u041f\u0440\u043e\u0444\u0435\u0441\u0441\u043e\u0440 \u0423\u043d\u0438\u0432\u0435\u0440\u0441\u0438\u0442\u0435\u0442\u0430 \u041a\u043e\u043c\u0435\u043d\u0441\u043a\u043e\u0433\u043e \u0432 \u0411\u0440\u0430\u0442\u0438\u0441\u043b\u0430\u0432\u0435, \u0421\u043b\u043e\u0432\u0430\u043a\u0438\u044f, \u0431\u044b\u0432\u0448\u0438\u0439 \u0447\u043b\u0435\u043d \u043e\u043b\u0438\u043c\u043f\u0438\u0439\u0441\u043a\u043e\u0439 \u0441\u0431\u043e\u0440\u043d\u043e\u0439 \u0421\u043b\u043e\u0432\u0430\u043a\u0438\u0438 \u0438 \u043d\u0430\u0446\u0438\u043e\u043d\u0430\u043b\u044c\u043d\u043e\u0439 \u0441\u0431\u043e\u0440\u043d\u043e\u0439 \u0421\u043b\u043e\u0432\u0430\u043a\u0438\u0438 \u043f\u043e \u0445\u043e\u043a\u043a\u0435\u044e<\/p>","protected":false},"excerpt":{"rendered":"<p>OUR TOP REFERENCES Preparation of players Czech Republic Czech Republic Ji\u0159\u00ed Tlust\u00fd former NHL player Ond\u0159ej Pavelec former NHL player Radko Gudas NHL player Dominik Furch former KHL player Teams Slovak National Team U-18 Salavat Yulayev KHL Team HC Slovan Bratislava Slovak Extraliga HKM Zvolen Slovak Extraliga Coaches in our centers Czech Republic Richard Pinka [&hellip;]<\/p>","protected":false},"author":1,"featured_media":0,"parent":0,"menu_order":0,"comment_status":"closed","ping_status":"closed","template":"","meta":{"footnotes":""},"class_list":["post-376","page","type-page","status-publish","hentry","post-wrapper","thrv_wrapper"],"_links":{"self":[{"href":"https:\/\/references.hdtsgroup.com\/ru\/wp-json\/wp\/v2\/pages\/376","targetHints":{"allow":["GET"]}}],"collection":[{"href":"https:\/\/references.hdtsgroup.com\/ru\/wp-json\/wp\/v2\/pages"}],"about":[{"href":"https:\/\/references.hdtsgroup.com\/ru\/wp-json\/wp\/v2\/types\/page"}],"author":[{"embeddable":true,"href":"https:\/\/references.hdtsgroup.com\/ru\/wp-json\/wp\/v2\/users\/1"}],"replies":[{"embeddable":true,"href":"https:\/\/references.hdtsgroup.com\/ru\/wp-json\/wp\/v2\/comments?post=376"}],"version-history":[{"count":1,"href":"https:\/\/references.hdtsgroup.com\/ru\/wp-json\/wp\/v2\/pages\/376\/revisions"}],"predecessor-version":[{"id":377,"href":"https:\/\/references.hdtsgroup.com\/ru\/wp-json\/wp\/v2\/pages\/376\/revisions\/377"}],"wp:attachment":[{"href":"https:\/\/references.hdtsgroup.com\/ru\/wp-json\/wp\/v2\/media?parent=376"}],"curies":[{"name":"wp","href":"https:\/\/api.w.org\/{rel}","templated":true}]}}